{"id":1535,"date":"2022-06-05T11:11:14","date_gmt":"2022-06-05T11:11:14","guid":{"rendered":"https:\/\/moycullenbasketball.com\/?page_id=1535"},"modified":"2022-06-05T14:09:11","modified_gmt":"2022-06-05T14:09:11","slug":"under-18-boys","status":"publish","type":"page","link":"https:\/\/moycullenbasketball.com\/?page_id=1535","title":{"rendered":"UNDER 18 BOYS"},"content":{"rendered":"\n<p><em>Players born in 2004 are eligible for the U-18 Boys for the season 2021\/2022.<\/em><\/p>\n\n\n\n<p><strong>Training:<\/strong> Salerno, Tuesday 20:30 \u2013 22:00<\/p>\n\n\n\n<p>Coach: Dylan Cunningham<\/p>\n\n\n\n<p><strong>Contact:<\/strong> dylan.cunningham@hotmail.com \/ +353 87 951 7870<\/p>\n\n\n\n<p><strong><a rel=\"noreferrer noopener\" href=\"http:\/\/bi.comortais.com\/competition.aspx?oId=1016&amp;id=2271#.YZLJlWDP2Uk\" target=\"_blank\">Galway League Table<\/a><\/strong>&nbsp;(click on the team for fixtures and results within the table)<\/p>\n\n\n\n<p><strong>UPDATE 30.01.2022 \u2013<\/strong>&nbsp;<a href=\"https:\/\/moycullenbasketball.net\/2022\/01\/30\/u18-boys-in-national-cup-qualifying-tournament\/\">U18 Boys Qualify for National Cup Quarter Final<\/a><\/p>\n\n\n\n<figure class=\"wp-block-image size-large\"><img loading=\"lazy\" decoding=\"async\" width=\"1024\" height=\"768\" src=\"https:\/\/moycullenbasketball.com\/wp-content\/uploads\/2022\/06\/ezgif.com-gif-maker-2-1024x768.jpg\" alt=\"\" class=\"wp-image-1538\" srcset=\"https:\/\/moycullenbasketball.com\/wp-content\/uploads\/2022\/06\/ezgif.com-gif-maker-2-1024x768.jpg 1024w, https:\/\/moycullenbasketball.com\/wp-content\/uploads\/2022\/06\/ezgif.com-gif-maker-2-300x225.jpg 300w, https:\/\/moycullenbasketball.com\/wp-content\/uploads\/2022\/06\/ezgif.com-gif-maker-2-768x576.jpg 768w, https:\/\/moycullenbasketball.com\/wp-content\/uploads\/2022\/06\/ezgif.com-gif-maker-2-1536x1152.jpg 1536w, https:\/\/moycullenbasketball.com\/wp-content\/uploads\/2022\/06\/ezgif.com-gif-maker-2.jpg 2048w\" sizes=\"(max-width: 1024px) 100vw, 1024px\" \/><figcaption>Back Row L-R: Rory O\u2019Sullivan, Donogh McDonogh, Evan Fox, Tom Cawley, Adam Byrne, Axel Le Gall, Corey Plower<br>Front Row L-R: Fabio Mooney Garcia, \u00d3ran \u00d3 C\u00e1inte, Liam Moloney, Adam Keogh , Arzel Geoghegan<br><\/figcaption><\/figure>\n\n\n\n<h2 class=\"wp-block-heading\">U18 National Cup 2021\/2022<\/h2>\n\n\n\n<p>Basketball Ireland informed all clubs on 1 November 2021 that the U18 National Cup was being&nbsp;<strong>postponed<\/strong>&nbsp;to a likely January 2022 start date due to Covid restrictions.<\/p>\n\n\n\n<p><br>Moycullen\u2019s U18 Boys had been scheduled to get their National Cup campaign underway on 6 November with a trip to Gormanston, County Meath for the opening group stages. Moycullen has been drawn in Pool 2a of the competition against Ongar Chasers (Dublin), Phoenix BC (Belfast), and Annaghdown (Galway).<\/p>\n\n\n\n<p><br>Suppose Moycullen can finish in the top 2 of what promises to be a tough pool. In that case, they cross over with Pool 2b containing Fr Mathews (Cork), St Brendan\u2019s (Tralee), St Pauls (Killarney), and Ulster University Tigers (Belfast) for a chance to advance to the knockout rounds.<br>Moycullen last won the U18 National Cup in 2019.<\/p>\n","protected":false},"excerpt":{"rendered":"<p>Players born in 2004 are eligible for the U-18 Boys for the season 2021\/2022. Training: Salerno, Tuesday 20:30 \u2013 22:00 Coach: Dylan Cunningham Contact: dylan.cunningham@hotmail.com \/ +353 87 951 7870 Galway League Table&nbsp;(click on the team for fixtures and results within the table) UPDATE 30.01.2022 \u2013&nbsp;U18 Boys Qualify for National Cup Quarter Final U18 National Cup 2021\/2022 Basketball Ireland informed all clubs on 1 November 2021 that the U18 National Cup was being&nbsp;postponed&nbsp;to a likely January 2022 start date due to Covid restrictions. Moycullen\u2019s U18 Boys had been scheduled to get their National Cup campaign underway on 6 November with\u2026<\/p>\n","protected":false},"author":1,"featured_media":0,"parent":0,"menu_order":0,"comment_status":"closed","ping_status":"closed","template":"","meta":{"tpgb_global_settings":"","footnotes":""},"class_list":["post-1535","page","type-page","status-publish","hentry"],"blocksy_meta":{"styles_descriptor":{"styles":{"desktop":"","tablet":"","mobile":""},"google_fonts":[],"version":5},"page_title_panel":"","has_hero_section":"default","73ea33620fad143688f03e40a6ae9c04":"","hero_section":"type-1","hero_elements":[{"id":"custom_title","enabled":true,"heading_tag":"h1","title":"Home"},{"id":"custom_description","enabled":true,"description_visibility":{"desktop":true,"tablet":true,"mobile":false}},{"id":"custom_meta","enabled":false,"meta_elements":[{"id":"author","enabled":true,"label":"By","has_author_avatar":"yes","avatar_size":25},{"id":"post_date","enabled":true,"label":"On","date_format_source":"default","date_format":"M j, Y"},{"id":"updated_date","enabled":false,"label":"On","date_format_source":"default","date_format":"M j, Y"},{"id":"categories","enabled":false,"label":"In","style":"simple"},{"id":"comments","enabled":true}],"page_meta_elements":{"joined":true,"articles_count":true,"comments":true}},{"id":"breadcrumbs","enabled":false}],"0231b9312b63983bc60f99d0e0f11b20":"","hero_alignment1":"CT_CSS_SKIP_RULE","hero_margin":40,"hero_alignment2":"center","hero_vertical_alignment":"center","de39210ce27f69703a23d93c7582eebc":"","hero_structure":"narrow","7c5e46922e0ee21e7b082c60c75c869b":"","page_title_bg_type":"featured_image","custom_hero_background":{"attachment_id":null},"page_title_image_size":"full","parallax":{"desktop":false,"tablet":false,"mobile":false},"8b4c7049f5b5b86f09ea667d7027ee8e":"","hero_height":"250px","pageTitleFont":{"family":"Default","variation":"Default","size":"30px","line-height":"CT_CSS_SKIP_RULE","letter-spacing":"CT_CSS_SKIP_RULE","text-transform":"CT_CSS_SKIP_RULE","text-decoration":"CT_CSS_SKIP_RULE"},"pageTitleFontColor":{"default":{"color":"CT_CSS_SKIP_RULEDEFAULT"}},"pageMetaFont":{"family":"Default","variation":"n6","size":"12px","line-height":"1.3","letter-spacing":"CT_CSS_SKIP_RULE","text-transform":"uppercase","text-decoration":"CT_CSS_SKIP_RULE"},"pageMetaFontColor":{"default":{"color":"CT_CSS_SKIP_RULEDEFAULT"},"hover":{"color":"CT_CSS_SKIP_RULEDEFAULT"}},"page_meta_button_type_font_colors":{"default":{"color":"CT_CSS_SKIP_RULEDEFAULT"},"hover":{"color":"CT_CSS_SKIP_RULEDEFAULT"}},"page_meta_button_type_background_colors":{"default":{"color":"CT_CSS_SKIP_RULEDEFAULT"},"hover":{"color":"CT_CSS_SKIP_RULEDEFAULT"}},"pageExcerptFont":{"family":"Default","variation":"Default","size":"CT_CSS_SKIP_RULE","line-height":"CT_CSS_SKIP_RULE","letter-spacing":"CT_CSS_SKIP_RULE","text-transform":"CT_CSS_SKIP_RULE","text-decoration":"CT_CSS_SKIP_RULE"},"pageExcerptColor":{"default":{"color":"CT_CSS_SKIP_RULEDEFAULT"}},"breadcrumbsFont":{"family":"Default","variation":"Default","size":"CT_CSS_SKIP_RULE","line-height":"CT_CSS_SKIP_RULE","letter-spacing":"CT_CSS_SKIP_RULE","text-transform":"CT_CSS_SKIP_RULE","text-decoration":"CT_CSS_SKIP_RULE"},"breadcrumbsFontColor":{"default":{"color":"CT_CSS_SKIP_RULEDEFAULT"},"initial":{"color":"CT_CSS_SKIP_RULEDEFAULT"},"hover":{"color":"CT_CSS_SKIP_RULEDEFAULT"}},"pageTitleOverlay":{"background_type":"color","background_pattern":"type-1","background_image":{"attachment_id":null,"x":0,"y":0},"gradient":"linear-gradient(135deg,rgba(6,147,227,1) 0%,rgb(155,81,224) 100%)","background_repeat":"repeat","background_size":"auto","background_attachment":"scroll","patternColor":{"default":{"color":"#e5e7ea"}},"overlayColor":{"default":{"color":"CT_CSS_SKIP_RULE"}},"backgroundColor":{"default":{"color":"CT_CSS_SKIP_RULE"}}},"pageTitleBackground":{"background_type":"color","background_pattern":"type-1","background_image":{"attachment_id":null,"x":0,"y":0},"gradient":"linear-gradient(135deg,rgba(6,147,227,1) 0%,rgb(155,81,224) 100%)","background_repeat":"repeat","background_size":"auto","background_attachment":"scroll","patternColor":{"default":{"color":"#e5e7ea"}},"overlayColor":{"default":{"color":"CT_CSS_SKIP_RULE"}},"backgroundColor":{"default":{"color":"var(--paletteColor6)"}}},"pageTitlePadding":{"top":"50px","bottom":"50px","left":"auto","right":"auto","linked":true},"35ada0396ee1290512449e72526e5353":"","page_structure_type":"type-3","19c4cbde9e67864e668f1d998d497fdf":"","content_style_source":"inherit","content_style":"wide","vertical_spacing_source":"inherit","content_area_spacing":"both","background":{"background_type":"color","background_pattern":"type-1","background_image":{"attachment_id":null,"x":0,"y":0},"gradient":"linear-gradient(135deg,rgba(6,147,227,1) 0%,rgb(155,81,224) 100%)","background_repeat":"repeat","background_size":"auto","background_attachment":"scroll","patternColor":{"default":{"color":"#e5e7ea"}},"overlayColor":{"default":{"color":"CT_CSS_SKIP_RULE"}},"backgroundColor":{"default":{"color":"CT_CSS_SKIP_RULE"}}},"content_background":{"background_type":"color","background_pattern":"type-1","background_image":{"attachment_id":null,"x":0,"y":0},"gradient":"linear-gradient(135deg,rgba(6,147,227,1) 0%,rgb(155,81,224) 100%)","background_repeat":"repeat","background_size":"auto","background_attachment":"scroll","patternColor":{"default":{"color":"#e5e7ea"}},"overlayColor":{"default":{"color":"CT_CSS_SKIP_RULE"}},"backgroundColor":{"default":{"color":"var(--paletteColor8)"}}},"content_boxed_shadow":{"inherit":false,"blur":18,"spread":-6,"v_offset":12,"h_offset":0,"inset":false,"enable":true,"color":{"color":"rgba(34, 56, 101, 0.04)"}},"content_boxed_border":{"width":1,"style":"none","color":{"color":"rgba(44,62,80,0.2)"}},"content_boxed_radius":{"top":"3px","bottom":"3px","left":"3px","right":"3px","linked":true},"boxed_content_spacing":{"desktop":{"top":"40px","bottom":"40px","left":"40px","right":"40px","linked":true},"tablet":{"top":"35px","bottom":"35px","left":"35px","right":"35px","linked":true},"mobile":{"top":"20px","bottom":"20px","left":"20px","right":"20px","linked":true}},"f02e05281fa7dedbfea4f6172efb29d8":"","disable_featured_image":"no","disable_share_box":"no","disable_header":"no","disable_footer":"no"},"tpgb_featured_images":null,"tpgb_post_meta_info":{"get_date":"05\/06\/2022","author_name":"Moycullen Admin","author_url":"https:\/\/moycullenbasketball.com\/?author=1","author_email":"moycullenbasketball1966@gmail.com","author_website":"http:\/\/moycullenbasketball.com","author_description":"","author_facebook":"","author_twitter":"","author_instagram":"","author_role":["administrator"],"author_avatar":"<img src=\"https:\/\/moycullenbasketball.com\/wp-content\/uploads\/ultimatemember\/1\/profile_photo-190x190.jpg?1778839727\" class=\"gravatar avatar avatar-200 um-avatar um-avatar-uploaded\" width=\"200\" height=\"200\" alt=\"Moycullen Admin\" data-default=\"https:\/\/moycullenbasketball.com\/wp-content\/plugins\/ultimate-member\/assets\/img\/default_avatar.jpg\" onerror=\"if ( ! this.getAttribute('data-load-error') ){ this.setAttribute('data-load-error', '1');this.setAttribute('src', this.getAttribute('data-default'));}\" loading=\"lazy\" \/>","comment_count":0,"post_likes":0,"post_views":0},"tpgb_post_category":[],"_links":{"self":[{"href":"https:\/\/moycullenbasketball.com\/index.php?rest_route=\/wp\/v2\/pages\/1535"}],"collection":[{"href":"https:\/\/moycullenbasketball.com\/index.php?rest_route=\/wp\/v2\/pages"}],"about":[{"href":"https:\/\/moycullenbasketball.com\/index.php?rest_route=\/wp\/v2\/types\/page"}],"author":[{"embeddable":true,"href":"https:\/\/moycullenbasketball.com\/index.php?rest_route=\/wp\/v2\/users\/1"}],"replies":[{"embeddable":true,"href":"https:\/\/moycullenbasketball.com\/index.php?rest_route=%2Fwp%2Fv2%2Fcomments&post=1535"}],"version-history":[{"count":4,"href":"https:\/\/moycullenbasketball.com\/index.php?rest_route=\/wp\/v2\/pages\/1535\/revisions"}],"predecessor-version":[{"id":1671,"href":"https:\/\/moycullenbasketball.com\/index.php?rest_route=\/wp\/v2\/pages\/1535\/revisions\/1671"}],"wp:attachment":[{"href":"https:\/\/moycullenbasketball.com\/index.php?rest_route=%2Fwp%2Fv2%2Fmedia&parent=1535"}],"curies":[{"name":"wp","href":"https:\/\/api.w.org\/{rel}","templated":true}]}}